{"id":982,"date":"2020-08-04T08:58:39","date_gmt":"2020-08-04T06:58:39","guid":{"rendered":"https:\/\/www.kovac-celik.hr\/uvjeti-koristenja\/"},"modified":"2022-09-16T13:22:15","modified_gmt":"2022-09-16T11:22:15","slug":"nutzungsbedingungen","status":"publish","type":"page","link":"https:\/\/www.kovac-celik.hr\/de\/nutzungsbedingungen\/","title":{"rendered":"Nutzungsbedingungen"},"content":{"rendered":"<p>[et_pb_section fb_built=&#8220;1&#8243; fullwidth=&#8220;on&#8220; _builder_version=&#8220;4.16&#8243; _module_preset=&#8220;default&#8220; global_colors_info=&#8220;{}&#8220;][et_pb_fullwidth_header title=&#8220;NUTZUNGSBEDINGUNGEN&#8220; _builder_version=&#8220;4.16&#8243; _module_preset=&#8220;default&#8220; background_color=&#8220;#0e131f&#8220; custom_padding=&#8220;160px||100px|||&#8220; global_colors_info=&#8220;{}&#8220;][\/et_pb_fullwidth_header][\/et_pb_section][et_pb_section fb_built=&#8220;1&#8243; _builder_version=&#8220;4.16&#8243; _module_preset=&#8220;default&#8220; global_colors_info=&#8220;{}&#8220;][et_pb_row _builder_version=&#8220;4.16&#8243; _module_preset=&#8220;default&#8220; global_colors_info=&#8220;{}&#8220;][et_pb_column type=&#8220;4_4&#8243; _builder_version=&#8220;4.16&#8243; _module_preset=&#8220;default&#8220; global_colors_info=&#8220;{}&#8220;][et_pb_text _builder_version=&#8220;4.18.0&#8243; _module_preset=&#8220;default&#8220; hover_enabled=&#8220;0&#8243; global_colors_info=&#8220;{}&#8220; sticky_enabled=&#8220;0&#8243;]<\/p>\n<h2>Allgemeine Bedingungen<\/h2>\n<p>Die Allgemeinen Verkaufsbedingungen werden ausschlie\u00dflich auf Kunden gem\u00e4\u00df Artikel 295 des Gesetzes \u00fcber die Pflichtverh\u00e4ltnisse angewendet.<\/p>\n<p>Begriffsbedeutung in den Allgemeinen Verkaufsbedingungen:<\/p>\n<p><strong>KOVA\u010c STAHL-\u010cELIK d.o.o.<\/strong><\/p>\n<p><strong>KUNDE<\/strong> \u2013\u202fJuristische oder nat\u00fcrliche Person, die mit der Handelsgesellschaft KOVA\u010c STAHL-\u010cELIK d.o.o. ein Gesch\u00e4ftsverh\u00e4ltnis eingeht: Service-Abwicklung\/Produktbearbeitung oder Warenkauf aus dem Herstellungs-\/Verkaufsprogramm.<\/p>\n<p><strong>G\u00dcTER\u202f<\/strong>\u2013 Dienstleistung oder Produkt, welche Kaufgegenstand sind.<\/p>\n<p>&nbsp;<\/p>\n<p>Die Allgemeinen Verkaufsbedingungen werden auf der Webseite der Handelsgesellschaft KOVA\u010c STAHL-\u010cELIK d.o.o. (<a href=\"http:\/\/www.kova\u010c-celik.hr\">www.kova\u010c-celik.hr<\/a>) ver\u00f6ffentlicht und sind den Kunden \u00f6ffentlich zug\u00e4nglich.<\/p>\n<p>Die Allgemeinen Verkaufsbedingungen werden auf alle aktuellen und k\u00fcnftigen Gesch\u00e4ftsbeziehungen angewendet.<\/p>\n<p><strong>Angebot von KOVA\u010c STAHL-\u010cELIK d.o.o. und Auftragsbest\u00e4tigungen bzw Bestellbest\u00e4tigungen<\/strong><\/p>\n<p>Jedes Angebot, welches KOVA\u010c STAHL-\u010cELIK d.o.o. an den Kunden sendet, muss Folgendes enthalten: Bezeichnung des Kunden, Bezeichnung der G\u00fcter, Menge, Preis, Zahlungsbedingungen, Lieferbedingungen.<\/p>\n<p>Die G\u00fcltigkeitsfrist betr\u00e4gt in der Regel 30 Tage, au\u00dfer im dem Falle, dass das Angebot etwas anderes spezifiziert oder die Preis\u00e4nderung oder der Freihandverkauf vorbehalten wird. Der Preis gilt f\u00fcr die angebotene Gesamtmenge. Im Falle einer Mengen\u00e4nderung behalten wir uns das Recht auf Preis\u00e4nderung vor. Das Angebot gilt als angenommen, wenn KOVA\u010c STAHL-\u010cELIK d.o.o. seitens des Kunden eine schriftliche Best\u00e4tigung des Angebotes oder den Bestellschein vor Ablauf der G\u00fcltigkeit des Angebotes erh\u00e4lt, wobei der Kunde dadurch ausdr\u00fccklich mit den Allgemeinen Verkaufsbedingungen einverstanden ist.<\/p>\n<p>&nbsp;<\/p>\n<h2>Bestellung des Kunden, Stornierung der Bestellung<\/h2>\n<p>Die Pflichten der Handelsgesellschaft KOVA\u010c STAHL-\u010cELIK d.o.o. treten ein, wenn KOVA\u010c STAHL-\u010cELIK d.o.o. die Bestellbest\u00e4tigung oder eine Auftragsbest\u00e4tigung \u00fcbermittelt hat, unter der Bedingung, dass der Kunde etwaige Verbindlichkeiten seinerseits innerhalb der Zahlungsfrist begleicht.<\/p>\n<p>Eine \u00c4nderung oder ein Widerruf der Bestellung\/des Auftrags durch den Kunden ist nur m\u00f6glich, wenn Kova\u010c Stahl-\u010celik d.o.o. die Bearbeitung des Auftrages noch nicht begonnen hat. \u00c4nderungen und Stornierung der Bestellungen bzw. des Auftrags werden nur schriftlich akzeptiert und nur dann als wirksam erachtet.<\/p>\n<p>Wenn es zu einer Stornierung des Auftrags kommt, haftet der Kunde f\u00fcr alle Kosten, welche in Bezug auf die Stornierung entstanden sind. KOVA\u010c STAHL-\u010cELIK d.o.o. kann dem Kunden die tats\u00e4chlich entstandenen Kosten (z.B. der Manipulation, Verwaltung etc.) in Rechnung stellen.<\/p>\n<h2>Lieferung<\/h2>\n<p>Die Lieferung der G\u00fcter erfolgt am Standort der Niederlassung KOVA\u010c STAHL-\u010cELIK d.o.o. Rakitnica 2., 10000 Zagreb<\/p>\n<p>Auf der Bestellungsbest\u00e4tigung oder der Auftragsbest\u00e4tigung wird die indikative Lieferfrist angegeben (indikativ). Die Lieferung gilt als durchgef\u00fchrt, wenn der Kunde die G\u00fcter im Lager der Handelsgesellschaft KOVA\u010c STAHL-\u010cELIK d.o.o. zur Abholung bereit gestellt bekommt oder am vereinbarten Ort der Lieferung \u00fcbernimmt. KOVA\u010c STAHL-\u010cELIK d.o.o. beh\u00e4lt sich das Recht vor die Lieferzeit zu \u00e4ndern.<\/p>\n<p>Im Falle der vereinbarten \u00dcbernahme der G\u00fcter bei KOVA\u010c STAHL-\u010cELIK d.o.o. ist der Kunde verpflichtet die Ware innerhalb einer Frist von 7 Tagen ab der Mitteilung, dass die Ware abholbereit ist, abzuholen. Nach Ablauf der Frist tr\u00e4gt der Kunde das Risiko des Verlustes oder der Besch\u00e4digung der G\u00fcter im Lager der KOVA\u010c STAHL-\u010cELIK d.o.o.. KOVA\u010c STAHL-\u010cELIK d.o.o. wird die G\u00fcter auf Kosten des Kunden nach Ablauf dieses Zeitraums lagern. Der Preis der Lagerung betr\u00e4gt 0,5% des Auftragswertes pro Tag.<\/p>\n<h2>\u00dcbernahme und Kontrolle der G\u00fcter<\/h2>\n<p>Der Kunde ist verpflichtet die Ware unverz\u00fcglich bei Erhalt bzw nach Eingang an der Lieferadresse zu kontrollieren. Der Versandschein bzw Lieferschein dokumentiert den physischen Zustand der G\u00fcter, wobei der Kunde prompt bei Erhalt oder \u00dcbernahme der G\u00fcter auch die visuelle Kontrolle der Qualit\u00e4t der gefertigten G\u00fcter\/Waren durchf\u00fchren muss. Durch Unterschrift des Versandscheins geht das gesamte Risiko der Besch\u00e4digung oder des Verlustes auf den Kunden \u00fcber. Die Standardqualit\u00e4t des Produktes, welche KOVA\u010c STAHL-\u010cELIK d.o.o. erstellt, wird als entsprechend erachtet.<\/p>\n<p>Die R\u00fcckgabe der G\u00fcter ist nach Bereitstellung bzw Lieferung an den Kunden nicht mehr m\u00f6glich, au\u00dfer im Fall von Produktm\u00e4ngel. Die R\u00fcckgabe ist jedenfalls nur in Ausnahmef\u00e4llen gestattet, wenn diese M\u00f6glichkeit schriftlich vereinbart wurde.<\/p>\n<h2>Preise, Zahlung und kommerzielle Bedingungen<\/h2>\n<p>Die Kosten, welche im Angebot der Handelsgesellschaft KOVA\u010c STAHL-\u010cELIK d.o.o. nicht standardgem\u00e4ss sind, werden gem\u00e4\u00df gesonderter Preisliste verrechnet. Wenn nicht anders angegeben wird, sind die Kosten der Lieferung, von Zertifikaten, der Sonderverpackung bzw. der Palette nicht im Angebot enthalten. F\u00fcr Bestellungen \u00fcber HRK 2000,00 rechnet die KOVA\u010c STAHL-\u010cELIK d.o.o. die Kosten der technischen Vorbereitung in der H\u00f6he von HRK 350 nicht gesondert ab. Die Angebote werden auf der EXW lt Incoterms erstellt.<\/p>\n<p>Der Kunde kann eine Beschwerde hinsichtlich einer Rechnung nur in schriftlicher Form und sp\u00e4testens innerhalb der Frist von 15 Werktagen ab dem Tag des Eingangs der Rechnung erheben. Sonst gilt die Rechnung jedenfalls als anerkannt.<\/p>\n<p>KOVA\u010c STAHL-\u010cELIK d.o.o. hat das Recht, bei Zahlungsverzug gesetzliche Verzugszinsen in Rechnung zu stellen. Nach einem Zahlungsverzug von l\u00e4nger als 10 Tagen hat die Handelsgesellschaft KOVA\u010c STAHL-\u010cELIK d.o.o. das Recht auf einseitige \u00c4nderung und R\u00fccktritt vom Vertrag oder auch auf \u00c4nderung vereinbarter Zahlungsfristen und Einstellung aller weiteren Lieferungen, bis der Kunde alle f\u00e4lligen Verbindlichkeiten begleicht.<\/p>\n<h2>Haftung der KOVA\u010c STAHL-\u010cELIK d.o.o. f\u00fcr Produktm\u00e4ngel<\/h2>\n<p>Werden vom Kunden bei Lieferung Produktm\u00e4ngel festgestellt, sind diese unmittelbar nach Lieferung oder \u00dcbernahme der G\u00fcter schriftlich KOVA\u010c STAHL-\u010cELIK d.o.o. mitzuteilen. F\u00fcr verdeckte bzw versteckte M\u00e4ngel gilt eine Frist von 10 Tagen.<br \/>\nDanach \u00fcbernimmt KOVA\u010c STAHL-CELIK d.o.o. jedenfalls keine Haftung mehr.<\/p>\n<p>KOVA\u010c STAHL-\u010cELIK d.o.o. haftet nicht f\u00fcr M\u00e4ngel, welche durch Fahrl\u00e4ssigkeit des Kunden, w\u00e4hrend des Transportes durch den Kunden oder der unrechtm\u00e4\u00dfigen Nutzung entstehen.<\/p>\n<p>Der Kunde, welcher berechtigte M\u00e4ngel geltend macht, kann von KOVA\u010c Stahl-\u010cELIK d.o.o. die Reparatur, Nacharbeitung oder Ersatzlieferung in jenem Zustand und Menge verlangen, in welcher dieser die G\u00fcter \u00fcbernommen hat. Der Kunde tr\u00e4gt die Kosten und den Schaden infolge unsachgem\u00e4\u00dfer Lagerung oder Nutzung.<\/p>\n<h2>Haftung<\/h2>\n<p>KOVA\u010c STAHL-\u010cELIK d.o.o. haftet gegen\u00fcber dem Kunden f\u00fcr keine Sch\u00e4den betreffend entgangenen Gewinns oder Verm\u00f6genssch\u00e4den. KOVA\u010c STAHL-\u010cELIK d.o.o. haftet jedenfalls f\u00fcr keinen Betrag, welcher h\u00f6her ist, als der Betrag der reklamierten G\u00fcter.<\/p>\n<h2>Betriebsgeheimnis<\/h2>\n<p>Alle Informationen \u00fcber das Gesch\u00e4ftsverh\u00e4ltnis, werden in schriftlicher und m\u00fcndlicher Form als Betriebsgeheimnis erachtet.<\/p>\n<h2>Schlussbestimmungen<\/h2>\n<p>Sollte eine oder mehrere Bestimmungen der Allgemeinen Verkaufsbedingungen unwirksam oder nicht durchf\u00fchrbar werden, bleiben die anderen Bestimmung wirksam.<\/p>\n<p>F\u00fcr alle Bestimmungen, welche in diesen Allgemeinen Verkaufsbedingungen nicht definiert werden, gilt das Gesetz \u00fcber die Pflichtverh\u00e4ltnisse NN 35\/05, 41\/08, 125\/11, 78\/15, 29\/18, sowie die anderen Gesetze und Vorschriften der Republik Kroatien.<\/p>\n<p>Alle Vertragsparteien werden versuchen alle eventuell auftretende Streitigkeiten einvernehmlich zu l\u00f6sen. Andernfalls gilt die Zust\u00e4ndigkeit des Gerichtes in Zagreb als vereinbart.<\/p>\n<p>KOVA\u010c STAHL-\u010cELIK d.o.o.<br \/>\nJozo \u010cui\u0107[\/et_pb_text][\/et_pb_column][\/et_pb_row][\/et_pb_section]<\/p>\n","protected":false},"excerpt":{"rendered":"<p>Allgemeine Bedingungen Die Allgemeinen Verkaufsbedingungen werden ausschlie\u00dflich auf Kunden gem\u00e4\u00df Artikel 295 des Gesetzes \u00fcber die Pflichtverh\u00e4ltnisse angewendet. Begriffsbedeutung in den Allgemeinen Verkaufsbedingungen: KOVA\u010c STAHL-\u010cELIK d.o.o. KUNDE \u2013\u202fJuristische oder nat\u00fcrliche Person, die mit der Handelsgesellschaft KOVA\u010c STAHL-\u010cELIK d.o.o. ein Gesch\u00e4ftsverh\u00e4ltnis eingeht: Service-Abwicklung\/Produktbearbeitung oder Warenkauf aus dem Herstellungs-\/Verkaufsprogramm. G\u00dcTER\u202f\u2013 Dienstleistung oder Produkt, welche Kaufgegenstand sind. &nbsp; [&hellip;]<\/p>\n","protected":false},"author":1,"featured_media":0,"parent":0,"menu_order":0,"comment_status":"closed","ping_status":"closed","template":"","meta":{"_et_pb_use_builder":"on","_et_pb_old_content":"<!-- wp:divi\/placeholder \/-->","_et_gb_content_width":"","footnotes":""},"_links":{"self":[{"href":"https:\/\/www.kovac-celik.hr\/de\/wp-json\/wp\/v2\/pages\/982"}],"collection":[{"href":"https:\/\/www.kovac-celik.hr\/de\/wp-json\/wp\/v2\/pages"}],"about":[{"href":"https:\/\/www.kovac-celik.hr\/de\/wp-json\/wp\/v2\/types\/page"}],"author":[{"embeddable":true,"href":"https:\/\/www.kovac-celik.hr\/de\/wp-json\/wp\/v2\/users\/1"}],"replies":[{"embeddable":true,"href":"https:\/\/www.kovac-celik.hr\/de\/wp-json\/wp\/v2\/comments?post=982"}],"version-history":[{"count":2,"href":"https:\/\/www.kovac-celik.hr\/de\/wp-json\/wp\/v2\/pages\/982\/revisions"}],"predecessor-version":[{"id":1739,"href":"https:\/\/www.kovac-celik.hr\/de\/wp-json\/wp\/v2\/pages\/982\/revisions\/1739"}],"wp:attachment":[{"href":"https:\/\/www.kovac-celik.hr\/de\/wp-json\/wp\/v2\/media?parent=982"}],"curies":[{"name":"wp","href":"https:\/\/api.w.org\/{rel}","templated":true}]}}