{"id":966,"date":"2020-07-14T10:44:13","date_gmt":"2020-07-14T08:44:13","guid":{"rendered":"https:\/\/www.kovac-celik.hr\/imprint\/"},"modified":"2022-09-20T10:06:45","modified_gmt":"2022-09-20T08:06:45","slug":"impressum","status":"publish","type":"page","link":"https:\/\/www.kovac-celik.hr\/de\/impressum\/","title":{"rendered":"Impressum"},"content":{"rendered":"<p>[et_pb_section fb_built=&#8220;1&#8243; fullwidth=&#8220;on&#8220; _builder_version=&#8220;4.16&#8243; _module_preset=&#8220;default&#8220; global_colors_info=&#8220;{}&#8220;][et_pb_fullwidth_header title=&#8220;IMPRINT&#8220; _builder_version=&#8220;4.16&#8243; _module_preset=&#8220;default&#8220; background_color=&#8220;#0e131f&#8220; custom_padding=&#8220;160px||100px|||&#8220; global_colors_info=&#8220;{}&#8220;][\/et_pb_fullwidth_header][\/et_pb_section][et_pb_section fb_built=&#8220;1&#8243; admin_label=&#8220;section&#8220; _builder_version=&#8220;4.16&#8243; custom_padding=&#8220;26px|||||&#8220; global_colors_info=&#8220;{}&#8220;][et_pb_row admin_label=&#8220;row&#8220; _builder_version=&#8220;4.16&#8243; background_size=&#8220;initial&#8220; background_position=&#8220;top_left&#8220; background_repeat=&#8220;repeat&#8220; global_colors_info=&#8220;{}&#8220;][et_pb_column type=&#8220;4_4&#8243; _builder_version=&#8220;4.16&#8243; custom_padding=&#8220;|||&#8220; global_colors_info=&#8220;{}&#8220; custom_padding__hover=&#8220;|||&#8220;][et_pb_text admin_label=&#8220;Text&#8220; _builder_version=&#8220;4.18.0&#8243; background_size=&#8220;initial&#8220; background_position=&#8220;top_left&#8220; background_repeat=&#8220;repeat&#8220; hover_enabled=&#8220;0&#8243; global_colors_info=&#8220;{}&#8220; sticky_enabled=&#8220;0&#8243;]<\/p>\n<h2>KOVA\u010c Stahl \u010celik d.o.o.<\/h2>\n<p>Rakitnica 2,<br \/>\n10000 Zagreb, Kroatien,<br \/>\nPers\u00f6nliche Identifikationsnummer (OIB): 68967732784<br \/>\nE-Mail: <a href=\"mailto:office@kovac-celik.hr\">office@kovac-celik.hr<\/a><\/p>\n<h3>Implementierung<\/h3>\n<p>Stina Technologies d.o.o.<br \/>\nVentilatorska 9,<br \/>\n10250 Lu\u010dko, Zagreb,<br \/>\nKroatien<br \/>\nE-Mail: <a href=\"mailto:info@stina-global.com\">info@stina-global.com<\/a><br \/>\nWeb: <a href=\"https:\/\/www.stina-global.com\">www.stina-global.com<\/a>[\/et_pb_text][\/et_pb_column][\/et_pb_row][\/et_pb_section]<\/p>\n","protected":false},"excerpt":{"rendered":"<p>KOVA\u010c Stahl \u010celik d.o.o. Rakitnica 2, 10000 Zagreb, Kroatien, Pers\u00f6nliche Identifikationsnummer (OIB): 68967732784 E-Mail: office@kovac-celik.hr Implementierung Stina Technologies d.o.o. Ventilatorska 9, 10250 Lu\u010dko, Zagreb, Kroatien E-Mail: info@stina-global.com Web: www.stina-global.com<\/p>\n","protected":false},"author":1,"featured_media":0,"parent":0,"menu_order":0,"comment_status":"closed","ping_status":"closed","template":"","meta":{"_et_pb_use_builder":"on","_et_pb_old_content":"<!-- wp:divi\/placeholder \/-->","_et_gb_content_width":"","footnotes":""},"_links":{"self":[{"href":"https:\/\/www.kovac-celik.hr\/de\/wp-json\/wp\/v2\/pages\/966"}],"collection":[{"href":"https:\/\/www.kovac-celik.hr\/de\/wp-json\/wp\/v2\/pages"}],"about":[{"href":"https:\/\/www.kovac-celik.hr\/de\/wp-json\/wp\/v2\/types\/page"}],"author":[{"embeddable":true,"href":"https:\/\/www.kovac-celik.hr\/de\/wp-json\/wp\/v2\/users\/1"}],"replies":[{"embeddable":true,"href":"https:\/\/www.kovac-celik.hr\/de\/wp-json\/wp\/v2\/comments?post=966"}],"version-history":[{"count":4,"href":"https:\/\/www.kovac-celik.hr\/de\/wp-json\/wp\/v2\/pages\/966\/revisions"}],"predecessor-version":[{"id":1905,"href":"https:\/\/www.kovac-celik.hr\/de\/wp-json\/wp\/v2\/pages\/966\/revisions\/1905"}],"wp:attachment":[{"href":"https:\/\/www.kovac-celik.hr\/de\/wp-json\/wp\/v2\/media?parent=966"}],"curies":[{"name":"wp","href":"https:\/\/api.w.org\/{rel}","templated":true}]}}